{"id":202,"date":"2022-04-25T21:38:55","date_gmt":"2022-04-25T19:38:55","guid":{"rendered":"https:\/\/cms.mcs-rbg.de\/robotigers\/?page_id=202"},"modified":"2022-04-25T22:25:57","modified_gmt":"2022-04-25T20:25:57","slug":"wdrt-2022-feuerwehr","status":"publish","type":"page","link":"https:\/\/cms.mcs-rbg.de\/robotigers\/wdrt-2022-feuerwehr\/","title":{"rendered":"WDRT 2022 Feuerwehr"},"content":{"rendered":"\n<p>Am 12.07.2022 ist es nach zwei Jahren Pause entlich wieder so weit, der WDRT darf stattfinden.<\/p>\n\n\n\n<p>Wir veranstalten zum vierten mal den WDRT haben uns in diesem Jahr erstmals ein Motto \u00fcberlegt an dem wir die Aufgaben ausrichten, ansonsten \u00e4ndert sich nichts. In diesem Jahr haben wir uns f\u00fcr das Thema Feuerwehr entschieden. Die Aufgaben werden f\u00fcr alle, erst am Wettbwewerbstag selbt ver\u00f6ffentlicht und dann haben alle Teams insgesamt sechs Stunden Zeit diese zu l\u00f6sen. Nach den ersten drei, dann nach zwei weiteren und der letzten Stunde, steht jewails ein Roboterlauf an wo jedes Team f\u00fcnf Minuten zeit hat. <\/p>\n\n\n\n<p>Jeder ist eingeladen, an diesem Tag, Teil des WDRT zu werden.<\/p>\n\n\n\n<p>Weitere Informationen und infos zum Downloaden bekommst du hier:<\/p>\n\n\n\n<p><a href=\"https:\/\/cms.mcs-rbg.de\/robotigers\/downloads-wdrt\/\">Downloads WDRT<\/a><\/p>\n","protected":false},"excerpt":{"rendered":"<p>Am 12.07.2022 ist es nach zwei Jahren Pause entlich wieder so weit, der WDRT darf stattfinden. Wir veranstalten zum vierten mal den WDRT haben uns in diesem Jahr erstmals ein Motto \u00fcberlegt an dem wir die Aufgaben ausrichten, ansonsten \u00e4ndert sich nichts. In diesem Jahr haben wir uns f\u00fcr das Thema Feuerwehr entschieden. Die Aufgaben [&hellip;]<\/p>\n","protected":false},"author":35,"featured_media":0,"parent":0,"menu_order":0,"comment_status":"closed","ping_status":"closed","template":"","meta":{"ngg_post_thumbnail":0,"footnotes":""},"class_list":["post-202","page","type-page","status-publish","hentry"],"_links":{"self":[{"href":"https:\/\/cms.mcs-rbg.de\/robotigers\/wp-json\/wp\/v2\/pages\/202"}],"collection":[{"href":"https:\/\/cms.mcs-rbg.de\/robotigers\/wp-json\/wp\/v2\/pages"}],"about":[{"href":"https:\/\/cms.mcs-rbg.de\/robotigers\/wp-json\/wp\/v2\/types\/page"}],"author":[{"embeddable":true,"href":"https:\/\/cms.mcs-rbg.de\/robotigers\/wp-json\/wp\/v2\/users\/35"}],"replies":[{"embeddable":true,"href":"https:\/\/cms.mcs-rbg.de\/robotigers\/wp-json\/wp\/v2\/comments?post=202"}],"version-history":[{"count":8,"href":"https:\/\/cms.mcs-rbg.de\/robotigers\/wp-json\/wp\/v2\/pages\/202\/revisions"}],"predecessor-version":[{"id":233,"href":"https:\/\/cms.mcs-rbg.de\/robotigers\/wp-json\/wp\/v2\/pages\/202\/revisions\/233"}],"wp:attachment":[{"href":"https:\/\/cms.mcs-rbg.de\/robotigers\/wp-json\/wp\/v2\/media?parent=202"}],"curies":[{"name":"wp","href":"https:\/\/api.w.org\/{rel}","templated":true}]}}