{"id":214,"date":"2022-04-25T22:02:24","date_gmt":"2022-04-25T20:02:24","guid":{"rendered":"https:\/\/cms.mcs-rbg.de\/robotigers\/?page_id=214"},"modified":"2022-04-25T22:03:21","modified_gmt":"2022-04-25T20:03:21","slug":"downloads-wdrt","status":"publish","type":"page","link":"https:\/\/cms.mcs-rbg.de\/robotigers\/downloads-wdrt\/","title":{"rendered":"Downloads WDRT"},"content":{"rendered":"\n<p>Auf dieser Seite kannst du dir alle aktuell ver\u00f6ffentlichten Dokumente zum WDRT herrunterladen:<\/p>\n\n\n\n<p><a href=\"https:\/\/cms.mcs-rbg.de\/robotigers\/wdrt-2022-feuerwehr\/\">Hier gelangst du zum Aktuellen WDRT<\/a><\/p>\n\n\n\n<p><\/p>\n\n\n\n<p>Einladung:<\/p>\n\n\n\n<div data-wp-interactive=\"core\/file\" class=\"wp-block-file\"><a href=\"https:\/\/cms.mcs-rbg.de\/robotigers\/wp-content\/uploads\/sites\/7\/2022\/04\/WDRT-2022-Einladung-1.pdf\">WDRT-2022-Einladung-1<\/a><a href=\"https:\/\/cms.mcs-rbg.de\/robotigers\/wp-content\/uploads\/sites\/7\/2022\/04\/WDRT-2022-Einladung-1.pdf\" class=\"wp-block-file__button\" download>Herunterladen<\/a><\/div>\n\n\n\n<p>Daten\u00fcberblick:<\/p>\n\n\n\n<div data-wp-interactive=\"core\/file\" class=\"wp-block-file\"><a href=\"https:\/\/cms.mcs-rbg.de\/robotigers\/wp-content\/uploads\/sites\/7\/2022\/04\/WDRT-2022-Datenueberblick.pdf\">WDRT-2022-Datenueberblick<\/a><a href=\"https:\/\/cms.mcs-rbg.de\/robotigers\/wp-content\/uploads\/sites\/7\/2022\/04\/WDRT-2022-Datenueberblick.pdf\" class=\"wp-block-file__button\" download>Herunterladen<\/a><\/div>\n\n\n\n<p>Anmeldebogen:<\/p>\n\n\n\n<div data-wp-interactive=\"core\/file\" class=\"wp-block-file\"><a href=\"https:\/\/cms.mcs-rbg.de\/robotigers\/wp-content\/uploads\/sites\/7\/2022\/04\/WDRT-2022-Anmeldebogen-Team-1.pdf\">WDRT-2022-Anmeldebogen-Team-1<\/a><a href=\"https:\/\/cms.mcs-rbg.de\/robotigers\/wp-content\/uploads\/sites\/7\/2022\/04\/WDRT-2022-Anmeldebogen-Team-1.pdf\" class=\"wp-block-file__button\" download>Herunterladen<\/a><\/div>\n\n\n\n<p>Einverst\u00e4ndnis und Datenschutz:<\/p>\n\n\n\n<div data-wp-interactive=\"core\/file\" class=\"wp-block-file\"><a href=\"https:\/\/cms.mcs-rbg.de\/robotigers\/wp-content\/uploads\/sites\/7\/2022\/04\/WDRT-2022-Einverstaendnis-Datenschutz.pdf\">WDRT-2022-Einverstaendnis-Datenschutz<\/a><a href=\"https:\/\/cms.mcs-rbg.de\/robotigers\/wp-content\/uploads\/sites\/7\/2022\/04\/WDRT-2022-Einverstaendnis-Datenschutz.pdf\" class=\"wp-block-file__button\" download>Herunterladen<\/a><\/div>\n\n\n\n<p>F\u00fcr weitere Informationen melde dich bei uns per Email:<\/p>\n\n\n\n<p><a href=\"mailto:robotigers.mcs@gmail.com\">robotigers.mcs@gmail.com<\/a><\/p>\n","protected":false},"excerpt":{"rendered":"<p>Auf dieser Seite kannst du dir alle aktuell ver\u00f6ffentlichten Dokumente zum WDRT herrunterladen: Hier gelangst du zum Aktuellen WDRT Einladung: Daten\u00fcberblick: Anmeldebogen: Einverst\u00e4ndnis und Datenschutz: F\u00fcr weitere Informationen melde dich bei uns per Email: robotigers.mcs@gmail.com<\/p>\n","protected":false},"author":35,"featured_media":0,"parent":0,"menu_order":0,"comment_status":"closed","ping_status":"closed","template":"","meta":{"ngg_post_thumbnail":0,"footnotes":""},"class_list":["post-214","page","type-page","status-publish","hentry"],"_links":{"self":[{"href":"https:\/\/cms.mcs-rbg.de\/robotigers\/wp-json\/wp\/v2\/pages\/214"}],"collection":[{"href":"https:\/\/cms.mcs-rbg.de\/robotigers\/wp-json\/wp\/v2\/pages"}],"about":[{"href":"https:\/\/cms.mcs-rbg.de\/robotigers\/wp-json\/wp\/v2\/types\/page"}],"author":[{"embeddable":true,"href":"https:\/\/cms.mcs-rbg.de\/robotigers\/wp-json\/wp\/v2\/users\/35"}],"replies":[{"embeddable":true,"href":"https:\/\/cms.mcs-rbg.de\/robotigers\/wp-json\/wp\/v2\/comments?post=214"}],"version-history":[{"count":1,"href":"https:\/\/cms.mcs-rbg.de\/robotigers\/wp-json\/wp\/v2\/pages\/214\/revisions"}],"predecessor-version":[{"id":224,"href":"https:\/\/cms.mcs-rbg.de\/robotigers\/wp-json\/wp\/v2\/pages\/214\/revisions\/224"}],"wp:attachment":[{"href":"https:\/\/cms.mcs-rbg.de\/robotigers\/wp-json\/wp\/v2\/media?parent=214"}],"curies":[{"name":"wp","href":"https:\/\/api.w.org\/{rel}","templated":true}]}}