{"id":73,"date":"2022-04-20T22:46:48","date_gmt":"2022-04-20T20:46:48","guid":{"rendered":"https:\/\/cms.mcs-rbg.de\/robotigers\/?page_id=73"},"modified":"2022-04-25T21:54:27","modified_gmt":"2022-04-25T19:54:27","slug":"wdrt","status":"publish","type":"page","link":"https:\/\/cms.mcs-rbg.de\/robotigers\/wdrt\/","title":{"rendered":"WDRT"},"content":{"rendered":"\n<p>Der <strong>W<\/strong>ettbewerb <strong>D<\/strong>er <strong>R<\/strong>obo<strong>T<\/strong>igers ist unser selbst veranstalteter Roboterwettbewerb. Wir veranstalten ihn j\u00e4hrlich in unserer Schule, um uns mit anderen Mannschaften auszutauschen und selbst Technik aufbauen zu k\u00f6nnen. <\/p>\n\n\n\n<figure class=\"wp-block-embed is-type-video is-provider-youtube wp-block-embed-youtube wp-embed-aspect-16-9 wp-has-aspect-ratio\"><div class=\"wp-block-embed__wrapper\">\n<iframe loading=\"lazy\"  id=\"_ytid_92242\"  width=\"800\" height=\"450\"  data-origwidth=\"800\" data-origheight=\"450\" src=\"https:\/\/www.youtube.com\/embed\/nL26kV7jAig?enablejsapi=1&#038;autoplay=0&#038;cc_load_policy=0&#038;cc_lang_pref=&#038;iv_load_policy=1&#038;loop=0&#038;rel=1&#038;fs=1&#038;playsinline=0&#038;autohide=2&#038;theme=dark&#038;color=red&#038;controls=1&#038;disablekb=0&#038;\" class=\"__youtube_prefs__  epyt-is-override  no-lazyload\" title=\"YouTube player\"  allow=\"fullscreen; accelerometer; autoplay; clipboard-write; encrypted-media; gyroscope; picture-in-picture; web-share\" referrerpolicy=\"strict-origin-when-cross-origin\" allowfullscreen data-no-lazy=\"1\" data-skipgform_ajax_framebjll=\"\"><\/iframe>\n<\/div><\/figure>\n\n\n\n<p>Wir hatten noch nie das Gef\u00fchl, dass jemand keinen Spa\u00df hatte und dabei nichts neues gelernt hat, auch wenn vielleicht nur neue Bekanntschaften geschlossen wurden. Wir w\u00fcrden uns sehr freuen, wenn auch du Teil unseres Wettbewerbs wirst und die nette Atmosph\u00e4re genie\u00dft.<\/p>\n","protected":false},"excerpt":{"rendered":"<p>Der Wettbewerb Der RoboTigers ist unser selbst veranstalteter Roboterwettbewerb. Wir veranstalten ihn j\u00e4hrlich in unserer Schule, um uns mit anderen Mannschaften auszutauschen und selbst Technik aufbauen zu k\u00f6nnen. Wir hatten noch nie das Gef\u00fchl, dass jemand keinen Spa\u00df hatte und dabei nichts neues gelernt hat, auch wenn vielleicht nur neue Bekanntschaften geschlossen wurden. Wir w\u00fcrden [&hellip;]<\/p>\n","protected":false},"author":35,"featured_media":0,"parent":0,"menu_order":0,"comment_status":"closed","ping_status":"closed","template":"","meta":{"ngg_post_thumbnail":0,"footnotes":""},"class_list":["post-73","page","type-page","status-publish","hentry"],"_links":{"self":[{"href":"https:\/\/cms.mcs-rbg.de\/robotigers\/wp-json\/wp\/v2\/pages\/73"}],"collection":[{"href":"https:\/\/cms.mcs-rbg.de\/robotigers\/wp-json\/wp\/v2\/pages"}],"about":[{"href":"https:\/\/cms.mcs-rbg.de\/robotigers\/wp-json\/wp\/v2\/types\/page"}],"author":[{"embeddable":true,"href":"https:\/\/cms.mcs-rbg.de\/robotigers\/wp-json\/wp\/v2\/users\/35"}],"replies":[{"embeddable":true,"href":"https:\/\/cms.mcs-rbg.de\/robotigers\/wp-json\/wp\/v2\/comments?post=73"}],"version-history":[{"count":10,"href":"https:\/\/cms.mcs-rbg.de\/robotigers\/wp-json\/wp\/v2\/pages\/73\/revisions"}],"predecessor-version":[{"id":218,"href":"https:\/\/cms.mcs-rbg.de\/robotigers\/wp-json\/wp\/v2\/pages\/73\/revisions\/218"}],"wp:attachment":[{"href":"https:\/\/cms.mcs-rbg.de\/robotigers\/wp-json\/wp\/v2\/media?parent=73"}],"curies":[{"name":"wp","href":"https:\/\/api.w.org\/{rel}","templated":true}]}}